{"id":12,"date":"2019-05-13T13:38:35","date_gmt":"2019-05-13T11:38:35","guid":{"rendered":"http:\/\/spz.adits.de\/?page_id=12"},"modified":"2024-10-30T09:29:50","modified_gmt":"2024-10-30T08:29:50","slug":"willkommen-auf-unserer-homepage","status":"publish","type":"page","link":"https:\/\/www.spz-anwaelte.de\/","title":{"rendered":"Willkommen auf unserer Homepage!"},"content":{"rendered":"\n<h3 class=\"wp-block-heading\"><\/h3>\n\n\n\n<p>Wir freuen uns, Ihnen auf dieser Webseite unsere Kanzlei vorstellen zu k\u00f6nnen. Wenn Sie eine Rechtsanwaltskanzlei suchen, die \u00fcber langj\u00e4hrige Erfahrungen im Bereich des Familienrechts und im Zivil-, insbesondere Stra\u00dfenverkehrs- und Reiserechts verf\u00fcgt, sind Sie bei uns richtig.<\/p>\n\n\n<div class=\"wp-block-image\">\n<figure class=\"aligncenter size-full is-resized\"><img loading=\"lazy\" decoding=\"async\" width=\"512\" height=\"512\" src=\"https:\/\/www.spz-anwaelte.de\/wp-content\/uploads\/2019\/05\/cropped-paragraph-symbol-1.png\" alt=\"\" class=\"wp-image-92\" style=\"width:215px;height:auto\" srcset=\"https:\/\/www.spz-anwaelte.de\/wp-content\/uploads\/2019\/05\/cropped-paragraph-symbol-1.png 512w, https:\/\/www.spz-anwaelte.de\/wp-content\/uploads\/2019\/05\/cropped-paragraph-symbol-1-150x150.png 150w, https:\/\/www.spz-anwaelte.de\/wp-content\/uploads\/2019\/05\/cropped-paragraph-symbol-1-300x300.png 300w\" sizes=\"(max-width: 512px) 100vw, 512px\" \/><\/figure><\/div>","protected":false},"excerpt":{"rendered":"<p>Wir freuen uns, Ihnen auf dieser Webseite unsere Kanzlei vorstellen zu k\u00f6nnen. Wenn Sie eine Rechtsanwaltskanzlei suchen, die \u00fcber langj\u00e4hrige Erfahrungen im Bereich des Familienrechts und im Zivil-, insbesondere Stra\u00dfenverkehrs- und Reiserechts verf\u00fcgt, sind Sie bei uns richtig.<\/p>\n","protected":false},"author":1,"featured_media":0,"parent":0,"menu_order":0,"comment_status":"closed","ping_status":"closed","template":"","meta":{"footnotes":""},"class_list":["post-12","page","type-page","status-publish","hentry"],"_links":{"self":[{"href":"https:\/\/www.spz-anwaelte.de\/index.php?rest_route=\/wp\/v2\/pages\/12"}],"collection":[{"href":"https:\/\/www.spz-anwaelte.de\/index.php?rest_route=\/wp\/v2\/pages"}],"about":[{"href":"https:\/\/www.spz-anwaelte.de\/index.php?rest_route=\/wp\/v2\/types\/page"}],"author":[{"embeddable":true,"href":"https:\/\/www.spz-anwaelte.de\/index.php?rest_route=\/wp\/v2\/users\/1"}],"replies":[{"embeddable":true,"href":"https:\/\/www.spz-anwaelte.de\/index.php?rest_route=%2Fwp%2Fv2%2Fcomments&post=12"}],"version-history":[{"count":12,"href":"https:\/\/www.spz-anwaelte.de\/index.php?rest_route=\/wp\/v2\/pages\/12\/revisions"}],"predecessor-version":[{"id":246,"href":"https:\/\/www.spz-anwaelte.de\/index.php?rest_route=\/wp\/v2\/pages\/12\/revisions\/246"}],"wp:attachment":[{"href":"https:\/\/www.spz-anwaelte.de\/index.php?rest_route=%2Fwp%2Fv2%2Fmedia&parent=12"}],"curies":[{"name":"wp","href":"https:\/\/api.w.org\/{rel}","templated":true}]}}