{"id":198,"date":"2021-05-04T16:59:25","date_gmt":"2021-05-04T14:59:25","guid":{"rendered":"https:\/\/www.spz-anwaelte.de\/?page_id=198"},"modified":"2024-10-29T20:47:55","modified_gmt":"2024-10-29T19:47:55","slug":"scheidung","status":"publish","type":"page","link":"https:\/\/www.spz-anwaelte.de\/?page_id=198","title":{"rendered":"Scheidung"},"content":{"rendered":"\n<h1>Ihre Rechtsanw\u00e4ltin f\u00fcr Scheidungen in R\u00fcsselsheim am Main<\/h1>\nIst Ihre Ehe gescheitert und Sie oder Ihr:e Partner:in m\u00f6chten die Scheidung einreichen?<br>\nDann schwirren Ihnen wahrscheinlich viele Fragen durch den Kopf, wie beispielsweise ein Scheidungsverfahren abl\u00e4uft oder was genau ein Trennungsjahr ist.<br>\nWir helfen Ihnen dabei Klarheit zu schaffen und Ihre Fragen zu beantworten.<br>\nWenn Sie nach einer Rechtsanw\u00e4ltin f\u00fcr Ihre Scheidung suchen, sind Sie bei Frau von Schumann in R\u00fcsselsheim u. Umgebung, aber auch deutschland weit an der richtigen Adresse.\n<h2>In Deutschland ist eine Scheidung ausschlie\u00dflich mit eine:m Rechtsanw\u00e4lt:in m\u00f6glich<\/h2>\nUm in Deutschland einen Scheidungsantrag bei dem zust\u00e4ndigen Gericht einreichen zu k\u00f6nnen, ist es n\u00f6tig sich von einer Rechtsanw\u00e4ltin oder einem Rechtsanwalt vertreten zu lassen.<br>\nBei einer einvernehmlichen Scheidung reicht es aus, wenn einer der Ehegatten einen Rechtsanwalt o. eine Rechtsanw\u00e4ltin beauftragt, sofern der andere Ehegatte bzw. die Ehegattin dem Scheidungsantrag zustimmt.\nVollkommen ohne Anw\u00e4lt:in ist ein Scheidungsverfahren jedoch nicht m\u00f6glich.<br>\nAu\u00dferdem ist es empfehlenswert, Ihre Interessen bei einer Scheidung von eine:r Fachanw\u00e4lt:in f\u00fcr Familienrecht vertreten zu lassen, um Nachteile aus der rechtlichen Auseinandersetzung zu umgehen.\n<h2>Voraussetzungen f\u00fcr eine Scheidung<\/h2>\nDas Scheitern der Ehe ist die Voraussetzung f\u00fcr eine wirksame Scheidung.<br>\nEine Ehe wird als gescheitert betrachtet, wenn einer der oder die Ehepartner:in dies \u00e4u\u00dfert und die Ehegatten au\u00dferdem mindestens seit einem Jahr in Trennung leben.<br>\nEben dieses Jahr ist allgemein als \u201eTrennungsjahr&#8220; bekannt.\nBesonders deutlich kommt die Trennung zur Geltung, wenn die Ehepartner:innen in separaten Wohnungen leben. Dies ist aus wirtschaftlichen oder pers\u00f6nlichen Gr\u00fcnden jedoch nicht immer m\u00f6glich.<br>\nDaher kommt ein Getrenntleben in der gleichen Wohnung ebenfalls in Betracht.\n<p>Betr\u00e4gt die Trennungsdauer weniger als ein Jahr, kann ein Scheidungsverfahren nur in bestimmten Ausnahmetatbest\u00e4nden durchgef\u00fchrt werden.<\/p>\nEine weitere Voraussetzung der Scheidung ist die Zustimmung des anderen Ehegatten bzw. der anderen Ehegattin oder aber die Ehe muss nachweislich zer\u00fcttet sein. Andernfalls muss die Trennung mindestens drei Jahre andauern, nur dann wird die Zustimmung des Ehepartners bzw. der Ehepartnerin entbehrlich.<br>\nWeitere Einzelheiten wird Ihnen Ihr:e Rechtsanw\u00e4lt:in in einem pers\u00f6nlichen Gespr\u00e4ch gerne erl\u00e4utern.\n<h2>Einvernehmliche Scheidung<\/h2>\nBei einer einvernehmlichen Scheidung stimmen beide Eheleute dem Scheidungsantrag zu. Danach gibt es keinen Streit \u00fcber die Scheidung, bzw. deren Folgen.<br>\nSoweit diese Voraussetzungen vorliegen, kann in Betracht gezogen werden, dass nur eine:r der Ehepartner:innen sein Mandat an eine:n Rechtsanw\u00e4lt:in \u00fcbertr\u00e4gt, der o. die andere Ehepartner:in stimmt dem Scheidungsantrag dann nur noch zu.\nStreiten die Eheleute \u00fcber die Folgen, sollte jede:r eine:n eigene:n Fachanw\u00e4lt:in f\u00fcr Familienrecht kontaktieren.<br>\nSomit k\u00f6nnen die eigenen Interessen bestm\u00f6glich vertreten werden.\n<p>Scheidungsfolgenvereinbarungen<\/p>\nWenn Sie sich f\u00fcr eine Scheidung entschieden haben, beraten wir Sie gerne auch bez\u00fcglich einer Scheidungsfolgenvereinbarung.<br>\nDie Scheidungsfolgenvereinbarung (oder Trennungsvereinbarungen) ist eine Vereinbarungen, durch welche die Partner:innen die Scheidungsfolgen m\u00f6glichst einvernehmlich miteinander regeln.<br>\nDies vereinfacht und beschleunigt das Scheidungsverfahren.<br>\nIhr:e Fachanw\u00e4lt:in f\u00fcr Familienrecht geht strukturiert die Rechte und Pflichten, die es zu regeln gibt mit Ihnen durch.<br>\nDurch die Scheidungsfolgenvereinbarung k\u00f6nnen beispielsweise Themen wie Unterhalt, Sorgerecht, Umgang, Versorgungs-, Zugewinnausgleich und Aufteilung des Verm\u00f6gens einverst\u00e4ndlich geregelt werden.\nMeist wird die Vereinbarung anschlie\u00dfend bei einem Notar bzw. einer Notarin beurkundet.<br>\nDadurch werden bei Gericht in Scheidungsverfahren Zeit und Kosten gespart.\n","protected":false},"excerpt":{"rendered":"","protected":false},"author":1,"featured_media":0,"parent":124,"menu_order":0,"comment_status":"closed","ping_status":"closed","template":"","meta":{"footnotes":""},"class_list":["post-198","page","type-page","status-publish","hentry"],"_links":{"self":[{"href":"https:\/\/www.spz-anwaelte.de\/index.php?rest_route=\/wp\/v2\/pages\/198"}],"collection":[{"href":"https:\/\/www.spz-anwaelte.de\/index.php?rest_route=\/wp\/v2\/pages"}],"about":[{"href":"https:\/\/www.spz-anwaelte.de\/index.php?rest_route=\/wp\/v2\/types\/page"}],"author":[{"embeddable":true,"href":"https:\/\/www.spz-anwaelte.de\/index.php?rest_route=\/wp\/v2\/users\/1"}],"replies":[{"embeddable":true,"href":"https:\/\/www.spz-anwaelte.de\/index.php?rest_route=%2Fwp%2Fv2%2Fcomments&post=198"}],"version-history":[{"count":5,"href":"https:\/\/www.spz-anwaelte.de\/index.php?rest_route=\/wp\/v2\/pages\/198\/revisions"}],"predecessor-version":[{"id":241,"href":"https:\/\/www.spz-anwaelte.de\/index.php?rest_route=\/wp\/v2\/pages\/198\/revisions\/241"}],"up":[{"embeddable":true,"href":"https:\/\/www.spz-anwaelte.de\/index.php?rest_route=\/wp\/v2\/pages\/124"}],"wp:attachment":[{"href":"https:\/\/www.spz-anwaelte.de\/index.php?rest_route=%2Fwp%2Fv2%2Fmedia&parent=198"}],"curies":[{"name":"wp","href":"https:\/\/api.w.org\/{rel}","templated":true}]}}