{"id":210,"date":"2021-05-04T18:26:19","date_gmt":"2021-05-04T16:26:19","guid":{"rendered":"https:\/\/www.spz-anwaelte.de\/?page_id=210"},"modified":"2021-05-04T18:26:48","modified_gmt":"2021-05-04T16:26:48","slug":"umgangsrecht","status":"publish","type":"page","link":"https:\/\/www.spz-anwaelte.de\/?page_id=210","title":{"rendered":"Umgangsrecht"},"content":{"rendered":"\n<h1>Ihre Fachanw\u00e4ltin f\u00fcr Umgangsrecht in R\u00fcsselsheim am Main<\/h1>\nBei einer Trennung oder Scheidung eines Paares mit Kindern, stellen sich nicht nur Fragen bez\u00fcglich der Unterhaltsanspr\u00fcche, sondern auch des Umgangsrechts.<br>\nDie Lebenssituation des Kindes \u00e4ndert sich h\u00e4ufig tiefgreifend.<br>\nIm Zuge der Trennung kommt es f\u00fcr Kinder oftmals zu Umz\u00fcgen und dem Umstand, dass ein Elternteil oder Verwandte seltener gesehen werden.<br>\nDer Umgang und seine Regelungen sind \u00e4u\u00dferst wichtig, um die Beziehungen aufrechtzuerhalten.\n<p>Bei Fragen zum Umgangsrecht sind wir f\u00fcr Sie da, um Sie umfassend zu unterst\u00fctzen.<\/p>\n<p>&nbsp;<\/p>\n<h2>Das Umgangsrecht<\/h2>\nDas Umgangsrecht regelt die regelm\u00e4\u00dfigen Kontakte eines minderj\u00e4hrigen Kindes zu seinen Eltern oder anderen nahestehenden Personen.<br>\nDies soll nach einer Trennung die Bindungen aufrechterhalten.<br>\nDas Umgangsrecht stellt dabei allerdings nicht nur ein Recht der Kinder dar.<br>\nEs handelt sich ebenfalls um ein Recht und eine Pflicht der Eltern. Das Recht auf Umgang dient dem Kindeswohl und soll den Eltern helfen an der Erziehung und der Versorgung des Kindes mitzuwirken.<br>\nFrau Rechtsanw\u00e4ltin von Schumann ber\u00e4t Sie gerne dar\u00fcber, wie der Umgang zu regeln ist.<br>\nEs gibt das sogenannte Residenzmodell, bei dem das Kind \u00fcberwiegend im Haushalt eines Elternteils lebt, aber regelm\u00e4\u00dfig zum anderen Elternteil geht, um mit diesem Umgang zu pflegen.<br>\nDaneben gibt es das Wechselmodell, bei dem das Kind bzw. die Kinder nahezu zu gleichen Teilen mal bei dem einen Elternteil und danach bei dem anderen Elternteil leben.<br>\nWelches das f\u00fcr Sie und Ihr(e) Kinde(er) passende Modell ist, dar\u00fcber ber\u00e4t sie unsere Fachanw\u00e4ltin f\u00fcr Familienrecht gerne.\n<h2>Umgang mit anderen Bezugspersonen<\/h2>\nNicht nur f\u00fcr die Eltern ist das Umgangsrecht von gro\u00dfer Bedeutung.<br>\nAuch andere Verwandte haben die M\u00f6glichkeit sich an einen Rechtsanwalt zu wenden, um Ihr Umgangsrecht zu erwirken.<br>\nBei einer engen Bindung zwischen Kind und Bezugsperson, kann auch den Gro\u00dfeltern, Tanten und Onkeln, etc. ein Umgangsrecht zustehen.<br>\nDabei ist wichtig, dass die Aufrechterhaltung des Umgangs auch dem Kindeswohl zugute kommt.\n<p>Bei weiteren Fragen, wenden Sie sich vertrauensvoll an Ihre Fachanw\u00e4ltin f\u00fcr Familienrecht aus R\u00fcsselsheim am Main.<\/p>\n","protected":false},"excerpt":{"rendered":"","protected":false},"author":1,"featured_media":0,"parent":124,"menu_order":0,"comment_status":"closed","ping_status":"closed","template":"","meta":{"footnotes":""},"class_list":["post-210","page","type-page","status-publish","hentry"],"_links":{"self":[{"href":"https:\/\/www.spz-anwaelte.de\/index.php?rest_route=\/wp\/v2\/pages\/210"}],"collection":[{"href":"https:\/\/www.spz-anwaelte.de\/index.php?rest_route=\/wp\/v2\/pages"}],"about":[{"href":"https:\/\/www.spz-anwaelte.de\/index.php?rest_route=\/wp\/v2\/types\/page"}],"author":[{"embeddable":true,"href":"https:\/\/www.spz-anwaelte.de\/index.php?rest_route=\/wp\/v2\/users\/1"}],"replies":[{"embeddable":true,"href":"https:\/\/www.spz-anwaelte.de\/index.php?rest_route=%2Fwp%2Fv2%2Fcomments&post=210"}],"version-history":[{"count":3,"href":"https:\/\/www.spz-anwaelte.de\/index.php?rest_route=\/wp\/v2\/pages\/210\/revisions"}],"predecessor-version":[{"id":213,"href":"https:\/\/www.spz-anwaelte.de\/index.php?rest_route=\/wp\/v2\/pages\/210\/revisions\/213"}],"up":[{"embeddable":true,"href":"https:\/\/www.spz-anwaelte.de\/index.php?rest_route=\/wp\/v2\/pages\/124"}],"wp:attachment":[{"href":"https:\/\/www.spz-anwaelte.de\/index.php?rest_route=%2Fwp%2Fv2%2Fmedia&parent=210"}],"curies":[{"name":"wp","href":"https:\/\/api.w.org\/{rel}","templated":true}]}}