{"id":24,"date":"2019-05-13T13:41:08","date_gmt":"2019-05-13T11:41:08","guid":{"rendered":"http:\/\/spz.adits.de\/?page_id=24"},"modified":"2019-05-28T18:23:05","modified_gmt":"2019-05-28T16:23:05","slug":"kontakt","status":"publish","type":"page","link":"https:\/\/www.spz-anwaelte.de\/?page_id=24","title":{"rendered":"Kontakt"},"content":{"rendered":"\n\t<p>Rechtsanw\u00e4lte Storsberg und von Schumann<\/p>\nHa\u00dflocher Stra\u00dfe 150<br \/>\n65428 R\u00fcsselsheim<br \/>\nTel.:\u00a0\u00a0 06142 563536<br \/>\nSekretariat von Schumann: 06142 59790<br \/>\nFax:\u00a0\u00a0 06142 57134<br \/>\nE-Mail Kanzlei: <a href=\"mailto:kanzlei@spz-anwaelte.de\">kanzlei(at)spz-anwaelte.de<\/a><br \/>\nInternet: www.spz-anwaelte.de\n<p>Unser B\u00fcro befindet sich in zentraler Lage auf der Hasslocherstrasse, in dem Geb\u00e4ude der R\u00fcsselsheimer Volksbank. Kostenlose Parkm\u00f6glichkeiten sind vorhanden.<\/p>\n","protected":false},"excerpt":{"rendered":"","protected":false},"author":1,"featured_media":0,"parent":0,"menu_order":5,"comment_status":"closed","ping_status":"closed","template":"","meta":{"footnotes":""},"class_list":["post-24","page","type-page","status-publish","hentry"],"_links":{"self":[{"href":"https:\/\/www.spz-anwaelte.de\/index.php?rest_route=\/wp\/v2\/pages\/24"}],"collection":[{"href":"https:\/\/www.spz-anwaelte.de\/index.php?rest_route=\/wp\/v2\/pages"}],"about":[{"href":"https:\/\/www.spz-anwaelte.de\/index.php?rest_route=\/wp\/v2\/types\/page"}],"author":[{"embeddable":true,"href":"https:\/\/www.spz-anwaelte.de\/index.php?rest_route=\/wp\/v2\/users\/1"}],"replies":[{"embeddable":true,"href":"https:\/\/www.spz-anwaelte.de\/index.php?rest_route=%2Fwp%2Fv2%2Fcomments&post=24"}],"version-history":[{"count":2,"href":"https:\/\/www.spz-anwaelte.de\/index.php?rest_route=\/wp\/v2\/pages\/24\/revisions"}],"predecessor-version":[{"id":142,"href":"https:\/\/www.spz-anwaelte.de\/index.php?rest_route=\/wp\/v2\/pages\/24\/revisions\/142"}],"wp:attachment":[{"href":"https:\/\/www.spz-anwaelte.de\/index.php?rest_route=%2Fwp%2Fv2%2Fmedia&parent=24"}],"curies":[{"name":"wp","href":"https:\/\/api.w.org\/{rel}","templated":true}]}}