{"id":3,"date":"2019-05-13T12:37:09","date_gmt":"2019-05-13T10:37:09","guid":{"rendered":"http:\/\/spz.adits.de\/?page_id=3"},"modified":"2019-05-13T14:08:01","modified_gmt":"2019-05-13T12:08:01","slug":"datenschutzerklaerung","status":"publish","type":"page","link":"https:\/\/www.spz-anwaelte.de\/?page_id=3","title":{"rendered":"Impressum"},"content":{"rendered":"\n<p>UST-IdNr.:DE253461012  <br>Rechtsanwaelte Uwe Storsberg und Petra von Schumann<br>Hasslocher Str.150 65428 R\u00fcsselsheim<br>Tel.:06142\/563536<br>Fax.:06142 57134<br>E-mail.:kanzlei(at)spz-anwaelte.de <\/p>\n\n\n\n<p>Niedergelassen  im \u00f6rtlichen Zust\u00e4ndigkeitsbereich des Amtsgericht R\u00fcsselsheim, des  Landgerichts Darmstadt und des Oberlandesgerichts Frankfurt\/Main. Rechtsform Die Kanzlei Storsberg und von Schumann ist eine Gesellschafzt b\u00fcrgerlichen Rechts. Die Rechtsanw\u00e4lte der Kanzlei sind nach dem Recht der Bundesrepublik Deutschland zugelassen und Mitglieder der Rechtsanwaltskammer Frankfurt\/Main, Bockenheimer Anlage 36,60322 Frankfurt Berufshaftpflichtversicherung Allianz Versicherungs-AG, 10900 Berlin R\u00e4umlicher  Geltungsbereich:im gesamten EU-Gebiet und den Staaten des Abkommens  \u00fcber den Europ\u00e4ischen Wirtschaftsraum.Vor au\u00dfereurop\u00e4ischen Gerichten  besteht Leistungspflicht nur in H\u00f6he der Mindestversicherungssumme. <\/p>\n\n\n\n<p>Die Kanzlei nimmt an keinen Streitbeilegungsverfahren vor einer Verbraucherschlichterstelle teil. Die Berufsaus\u00fcbung der Rechtsanw\u00e4lte unterliegt den folgenden berufsrechtlichen Regelungen: Bundesrechtsanwaltsordnung,Berufsordnung  f\u00fcr Rechtsanw\u00e4lte,  Fachanwaltsordnung,Rechtsanwaltsverg\u00fctungsgesetz,Berufsregeln der  Rechtsanw\u00e4lte der Europ\u00e4ischen Union Die berufsrechtlichen Regelungen k\u00f6nnen \u00fcber die Homepage der Bundesrechtsanwaltskammer (<a href=\"http:\/\/www.brak.de\/\">www.brak.de<\/a>) eingesehen werden.<\/p>\n\n\n\n<h2 class=\"wp-block-heading\">Datenschutzerkl\u00e4rung<\/h2>\n\n\n\n<p>Stand Mai 2018<\/p>\n\n\n\n<p>Eigent\u00fcmer und Betreiber der Website ist Rechtsanwalt Uwe Storsberg und Rechtsanw\u00e4ltin Petra von Schuman<\/p>\n\n\n\n<p>1. Diese Datenschutz-Information gilt f\u00fcr die Datenverarbeitungdurch:<\/p>\n\n\n\n<p>Verantwortlicher:&nbsp; Rechtsanw\u00e4lte Storsberg und von Schumann, Ha\u00dflocher Str. 150, 65428 R\u00fcsselsheim<br>E-Mail: kanzlei@spz-anwaelte.de<br>Telefon: +49 (0)6142 563536Fax: +49 (0)6142 571342<br><\/p>\n\n\n\n<p>2. Erhebung und Speicherung personenbezogenen Daten sowie Art und Zweck von deren Verwendung:<br>Beim Aufrufen unserer Webseite www.spz-anwaelte.de werden durch den auf Ihrem Endger\u00e4t zum Einsatz kommenden Browser automatisch Informationen an den Server unserer Webseite gesendet. Diese Informationen werden tempor\u00e4r in einem sog. Logfile gespeichert. Folgende Informationen werden dabei ohne Ihr Zutun erfasst und bis zur automatisierten L\u00f6schung gespeichert:<br>\u2022 IP-Adresse des anfragenden Rechners,<br>\u2022 Datum und Uhrzeit des Zugriffs,<br>\u2022 Name und URL der abgerufenen Datei,<br>\u2022 Website, von der aus der Zugriff erfolgt (Referrer-URL),<br>\u2022 verwendeter Browser und ggf. das Betriebssystem Ihres Rechners sowie der Name Ihres Access-Providers. Die genannten Daten werden durch uns zu folgenden Zwecken verarbeitet:<br>\u2022 Gew\u00e4hrleistung eines reibungslosen Verbindungsaufbausder Website,<br>\u2022 Gew\u00e4hrleistung einer komfortablen Nutzung unsererWebsite,<br>\u2022 Auswertung der Systemsicherheit und -stabilit\u00e4t sowie<br>\u2022 zu weiteren administrativen Zwecken.<br>Die Rechtsgrundlage f\u00fcr die Datenverarbeitung ist Art. 6 Abs. 1 S. 1 lit. f DSGVO. Unser berechtigtes Interesse folgt aus oben aufgelisteten Zwecken zur Datenerhebung. In keinem Fall verwenden wir die erhobenen Daten zu dem Zweck, R\u00fcckschl\u00fcsse auf Ihre Person zu ziehen. Dar\u00fcber hinaus setzen wir beim Besuch unserer Webseite Cookies sowie Analysedienste ein. N\u00e4here Erl\u00e4uterungendazu erhalten Sie unter den Ziff. 4 und 5 dieser Datenschutzerkl\u00e4rung.<\/p>\n\n\n\n<p>3. Weitergabe von Daten:<br>Eine \u00dcbermittlung Ihrer pers\u00f6nlichen Daten an Dritte zu anderen als den im Folgenden aufgef\u00fchrten Zwecken findet nicht statt. Wir geben Ihre pers\u00f6nlichen Daten nur an Dritte weiter, wenn:<br>\u2022 Sie Ihre nach Art. 6 Abs. 1 S. 1 lit. a DSGVO ausdr\u00fcckliche Einwilligung dazu erteilt haben,<br>\u2022 die Weitergabe nach Art. 6 Abs. 1 S. 1 lit. f DSGVO zur Geltendmachung, Aus\u00fcbung oder Verteidigung von Rechtsanspr\u00fcchen erforderlich ist und kein Grund zur Annahme besteht, dass Sie ein \u00fcberwiegendes schutzw\u00fcrdiges Interesse an der Nichtweitergabe Ihrer Daten haben,<br>\u2022 f\u00fcr den Fall, dass f\u00fcr die Weitergabe nach Art. 6 Abs. 1 S. 1lit. c DSGVO eine gesetzliche Verpflichtung besteht, sowie<br>\u2022 dies gesetzlich zul\u00e4ssig und nach Art. 6 Abs. 1 S. 1 lit. bDSGVO f\u00fcr die Abwicklung von Vertragsverh\u00e4ltnissen mit Ihnen erforderlich ist.<\/p>\n\n\n\n<p>4. Betroffenenrechte:<br>Sie haben das Recht:<br>\u2022 gem\u00e4\u00df Art. 15 DSGVO Auskunft \u00fcber Ihre von uns verarbeiteten personenbezogenen Daten zu verlangen. Insbesondere k\u00f6nnen Sie Auskunft \u00fcber die Verarbeitungszwecke, die Kategorie der personenbezogenen Daten, die Kategorien von Empf\u00e4ngern, gegen\u00fcber denen Ihre Daten offengelegt wurdenoder werden, die geplante Speicherdauer, das Bestehen eines Rechts auf Berichtigung, L\u00f6schung, Einschr\u00e4nkung der Verarbeitung oder Widerspruch, das Bestehen eines Beschwerderechts, die Herkunft ihrer Daten, sofern diese nicht bei uns erhoben wurden, sowie \u00fcber das Bestehen einer automatisiertenEntscheidungsfindung einschlie\u00dflich Profiling und ggf. aussagekr\u00e4ftigen Informationen zu deren Einzelheiten verlangen;<br>\u2022 gem\u00e4\u00df Art. 16 DSGVO unverz\u00fcglich die Berichtigung unrichtiger oder Vervollst\u00e4ndigung Ihrer bei uns gespeicherten personenbezogenen Daten zu verlangen;<br>\u2022 gem\u00e4\u00df Art. 17 DSGVO die L\u00f6schung Ihrer bei uns gespeicherten personenbezogenen Daten zu verlangen, soweit nicht die Verarbeitung zur Aus\u00fcbung des Rechts auf freie Meinungs\u00e4u\u00dferung und Information, zur Erf\u00fcllung einer rechtlichen Verpflichtung, aus Gr\u00fcnden des \u00f6ffentlichen Interesses oder zur Geltendmachung, Aus\u00fcbung oder Verteidigung von Rechtsanspr\u00fcchen erforderlich ist;<br>\u2022 gem\u00e4\u00df Art. 18 DSGVO die Einschr\u00e4nkung der Verarbeitung Ihrer personenbezogenen Daten zu verlangen, soweitdie Richtigkeit der Daten von Ihnen bestritten wird<br>\u2022 gem\u00e4\u00df Art. 18 DSGVO die Einschr\u00e4nkung der Verarbeitung Ihrer personenbezogenen Daten zu verlangen, soweit die Richtigkeit der Daten von Ihnen bestritten wird, die Verarbeitung unrechtm\u00e4\u00dfig ist, Sie aber deren L\u00f6schung ablehnen und wir die Daten nicht mehr ben\u00f6tigen, Sie jedoch diesezur Geltendmachung, Aus\u00fcbung oder Verteidigung von Rechtsanspr\u00fcchen ben\u00f6tigen oder Sie gem\u00e4\u00df Art. 21 DSGVO Widerspruch gegen die Verarbeitung eingelegt haben;<br>\u2022 gem\u00e4\u00df Art. 20 DSGVO Ihre personenbezogenen Daten, die Sie uns bereitgestellt haben, in einem strukturierten, g\u00e4ngigen und maschinenlesebaren Format zu erhalten oder die \u00dcbermittlung an einen anderen Verantwortlichen zu verlangen;<br>\u2022 gem\u00e4\u00df Art. 7 Abs. 3 DSGVO Ihre einmal erteilte Einwilligung jederzeit gegen\u00fcber uns zu widerrufen. Dies hat zur Folge, dass wir die Datenverarbeitung, die auf dieser Einwilligung beruhte, f\u00fcr die Zukunft nicht mehr fortf\u00fchren d\u00fcrfen und<br>\u2022 gem\u00e4\u00df Art. 77 DSGVO sich bei einer Aufsichtsbeh\u00f6rde zubeschweren. In der Regel k\u00f6nnen Sie sich hierf\u00fcr an die Aufsichtsbeh\u00f6rde Ihres \u00fcblichen Aufenthaltsortes oder Arbeitsplatzes oder unseres Kanzleisitzes wenden.<\/p>\n\n\n\n<p>5. Widerspruchsrecht<br>Sofern Ihre personenbezogenen Daten auf Grundlage von berechtigten Interessen gem\u00e4\u00df Art. 6 Abs. 1 S. 1 lit. f DSGVO verarbeitet werden, haben Sie das Recht, gem\u00e4\u00df Art. 21DSGVO Widerspruch gegen die Verarbeitung Ihrer personenbezogenen Daten einzulegen, soweit daf\u00fcr Gr\u00fcnde vorliegen, die sich aus Ihrer besonderen Situation ergeben oder sich der Widerspruch gegen Direktwerbung richtet. Im letzteren Fall haben Sie ein generelles Widerspruchsrecht, das ohne Angabe einer besonderen Situation von uns umgesetzt wird. M\u00f6chten Sie von Ihrem Widerrufs- oder Widerspruchs-recht Gebrauch machen, gen\u00fcgt eine E-Mail an kanzlei@spz-anwaelte.de<\/p>\n\n\n\n<p>6. Datensicherheit<br>Wir verwenden innerhalb des Website-Besuchs das verbreitete SSL-Verfahren (Secure Socket Layer) in Verbindung mitder jeweils h\u00f6chsten Verschl\u00fcsselungsstufe, die von Ihrem Browser unterst\u00fctzt wird. In der Regel handelt es sich dabei um eine 256 Bit Verschl\u00fcsselung. Falls Ihr Browser keine 256-Bit Verschl\u00fcsselung unterst\u00fctzt, greifen wir stattdessenauf 128-Bit v3 Technologie zur\u00fcck. Ob eine einzelne Seite unseres Internetauftrittes verschl\u00fcsselt \u00fcbertragen wird, erkennen Sie an der geschlossenen Darstellung des Sch\u00fcssel- beziehungsweise Schloss-Symbols in der unteren Statusleiste Ihres Browsers.Wir bedienen uns im \u00dcbrigen geeigneter technischer und organisatorischer Sicherheitsma\u00dfnahmen, um Ihre Daten gegen zuf\u00e4llige oder vors\u00e4tzliche Manipulationen, teilweisenoder vollst\u00e4ndigen Verlust, Zerst\u00f6rung oder gegen den unbefugten Zugriff Dritter zu sch\u00fctzen. Unsere Sicherheitsma\u00df-nahmen werden entsprechend der technologischen Entwick-lung fortlaufend verbessert.<\/p>\n\n\n\n<p>7. Aktualit\u00e4t und \u00c4nderung dieser Datenschutzerkl\u00e4rung<br>Diese Datenschutzerkl\u00e4rung ist aktuell g\u00fcltig und hat den Stand Mai 2018. Durch die Weiterentwicklung unserer Website und Angebote dar\u00fcber oder aufgrund ge\u00e4nderter gesetzlicher beziehungsweise beh\u00f6rdlicher Vorgaben kann es notwendig werden, diese Datenschutzerkl\u00e4rung zu \u00e4ndern. Die jeweilsaktuelle Datenschutzerkl\u00e4rung kann jederzeit auf der Websiteunter www.xyrechtsanwaelte.de\/datenschutz von Ihnen abgerufen und ausgedruckt werden. <\/p>\n","protected":false},"excerpt":{"rendered":"<p>UST-IdNr.:DE253461012 Rechtsanwaelte Uwe Storsberg und Petra von SchumannHasslocher Str.150 65428 R\u00fcsselsheimTel.:06142\/563536Fax.:06142 57134E-mail.:kanzlei(at)spz-anwaelte.de Niedergelassen im \u00f6rtlichen Zust\u00e4ndigkeitsbereich des Amtsgericht R\u00fcsselsheim, des Landgerichts Darmstadt und des Oberlandesgerichts Frankfurt\/Main. Rechtsform Die Kanzlei Storsberg und von Schumann ist eine Gesellschafzt b\u00fcrgerlichen Rechts. Die Rechtsanw\u00e4lte der Kanzlei sind nach dem Recht der Bundesrepublik Deutschland zugelassen und Mitglieder der Rechtsanwaltskammer Frankfurt\/Main, [&hellip;]<\/p>\n","protected":false},"author":1,"featured_media":0,"parent":0,"menu_order":6,"comment_status":"closed","ping_status":"closed","template":"","meta":{"footnotes":""},"class_list":["post-3","page","type-page","status-publish","hentry"],"_links":{"self":[{"href":"https:\/\/www.spz-anwaelte.de\/index.php?rest_route=\/wp\/v2\/pages\/3"}],"collection":[{"href":"https:\/\/www.spz-anwaelte.de\/index.php?rest_route=\/wp\/v2\/pages"}],"about":[{"href":"https:\/\/www.spz-anwaelte.de\/index.php?rest_route=\/wp\/v2\/types\/page"}],"author":[{"embeddable":true,"href":"https:\/\/www.spz-anwaelte.de\/index.php?rest_route=\/wp\/v2\/users\/1"}],"replies":[{"embeddable":true,"href":"https:\/\/www.spz-anwaelte.de\/index.php?rest_route=%2Fwp%2Fv2%2Fcomments&post=3"}],"version-history":[{"count":4,"href":"https:\/\/www.spz-anwaelte.de\/index.php?rest_route=\/wp\/v2\/pages\/3\/revisions"}],"predecessor-version":[{"id":23,"href":"https:\/\/www.spz-anwaelte.de\/index.php?rest_route=\/wp\/v2\/pages\/3\/revisions\/23"}],"wp:attachment":[{"href":"https:\/\/www.spz-anwaelte.de\/index.php?rest_route=%2Fwp%2Fv2%2Fmedia&parent=3"}],"curies":[{"name":"wp","href":"https:\/\/api.w.org\/{rel}","templated":true}]}}